{"id":1561,"date":"2026-02-18T09:56:28","date_gmt":"2026-02-18T08:56:28","guid":{"rendered":"https:\/\/usorioja.es\/feusolarioja\/?page_id=1561"},"modified":"2026-02-24T11:58:46","modified_gmt":"2026-02-24T10:58:46","slug":"revisatunomina","status":"publish","type":"page","link":"https:\/\/usorioja.es\/feusolarioja\/revisatunomina\/","title":{"rendered":""},"content":{"rendered":"<style>.kb-row-layout-id1561_6ab786-db > .kt-row-column-wrap{align-content:end;}:where(.kb-row-layout-id1561_6ab786-db > .kt-row-column-wrap) > .wp-block-kadence-column{justify-content:end;}.kb-row-layout-id1561_6ab786-db > .kt-row-column-wrap{column-gap:var(--global-kb-gap-md, 2rem);row-gap:var(--global-kb-gap-md, 2rem);max-width:var(--wp--style--global--content-size);padding-top:0px;padding-bottom:53px;min-height:650px;grid-template-columns:minmax(0, 1fr);}.kb-row-layout-id1561_6ab786-db{background-image:url('https:\/\/usorioja.es\/feusolarioja\/wp-content\/uploads\/2026\/02\/fondo-arriba_mod-2.png');background-size:cover;background-position:47% 48%;background-attachment:scroll;background-repeat:no-repeat;}.kb-row-layout-id1561_6ab786-db > .kt-row-layout-overlay{opacity:0.85;background-color:var(--global-palette8, #F7FAFC);mix-blend-mode:normal;}.kb-row-layout-id1561_6ab786-db ,.kb-row-layout-id1561_6ab786-db h1,.kb-row-layout-id1561_6ab786-db h2,.kb-row-layout-id1561_6ab786-db h3,.kb-row-layout-id1561_6ab786-db h4,.kb-row-layout-id1561_6ab786-db h5,.kb-row-layout-id1561_6ab786-db h6{color:var(u002du002dast-global-color-1);}.kb-row-layout-id1561_6ab786-db a:hover{color:var(u002du002dast-global-color-1);}@media all and (max-width: 1024px){.kb-row-layout-id1561_6ab786-db > .kt-row-column-wrap{grid-template-columns:minmax(0, 1fr);}}@media all and (max-width: 767px){.kb-row-layout-id1561_6ab786-db > .kt-row-column-wrap{padding-top:var(--global-kb-spacing-xl, 4rem);padding-bottom:var(--global-kb-spacing-xl, 4rem);grid-template-columns:minmax(0, 1fr);}}<\/style><div class=\"kb-row-layout-wrap kb-row-layout-id1561_6ab786-db alignfull kt-row-has-bg wp-block-kadence-rowlayout\"><div class=\"kt-row-layout-overlay kt-row-overlay-normal\"><\/div><div class=\"kt-row-column-wrap kt-has-1-columns kt-row-layout-equal kt-tab-layout-inherit kt-mobile-layout-row kt-row-valign-bottom kb-theme-content-width\">\n<style>.kadence-column1561_c048ba-8e > .kt-inside-inner-col,.kadence-column1561_c048ba-8e > .kt-inside-inner-col:before{border-top-left-radius:0px;border-top-right-radius:0px;border-bottom-right-radius:0px;border-bottom-left-radius:0px;}.kadence-column1561_c048ba-8e > .kt-inside-inner-col{column-gap:var(--global-kb-gap-sm, 1rem);}.kadence-column1561_c048ba-8e > .kt-inside-inner-col{flex-direction:column;}.kadence-column1561_c048ba-8e > .kt-inside-inner-col > .aligncenter{width:100%;}.kadence-column1561_c048ba-8e > .kt-inside-inner-col:before{opacity:0.3;}.kadence-column1561_c048ba-8e{position:relative;}@media all and (max-width: 1024px){.kadence-column1561_c048ba-8e > .kt-inside-inner-col{flex-direction:column;justify-content:center;}}@media all and (max-width: 767px){.kadence-column1561_c048ba-8e > .kt-inside-inner-col{flex-direction:column;justify-content:center;}}<\/style>\n<div class=\"wp-block-kadence-column kadence-column1561_c048ba-8e inner-column-1\"><div class=\"kt-inside-inner-col\"><style>.wp-block-kadence-advancedheading.kt-adv-heading1561_95dd3d-7a, .wp-block-kadence-advancedheading.kt-adv-heading1561_95dd3d-7a[data-kb-block=\"kb-adv-heading1561_95dd3d-7a\"]{text-align:center;font-size:80px;line-height:1.1;font-style:normal;color:var(--global-palette3, #1A202C);}.wp-block-kadence-advancedheading.kt-adv-heading1561_95dd3d-7a mark.kt-highlight, .wp-block-kadence-advancedheading.kt-adv-heading1561_95dd3d-7a[data-kb-block=\"kb-adv-heading1561_95dd3d-7a\"] mark.kt-highlight{font-style:normal;color:#f76a0c;-webkit-box-decoration-break:clone;box-decoration-break:clone;padding-top:0px;padding-right:0px;padding-bottom:0px;padding-left:0px;}@media all and (max-width: 1024px){.wp-block-kadence-advancedheading.kt-adv-heading1561_95dd3d-7a, .wp-block-kadence-advancedheading.kt-adv-heading1561_95dd3d-7a[data-kb-block=\"kb-adv-heading1561_95dd3d-7a\"]{font-size:60px;}}@media all and (max-width: 767px){.wp-block-kadence-advancedheading.kt-adv-heading1561_95dd3d-7a, .wp-block-kadence-advancedheading.kt-adv-heading1561_95dd3d-7a[data-kb-block=\"kb-adv-heading1561_95dd3d-7a\"]{font-size:40px;}}<\/style>\n<h1 class=\"kt-adv-heading1561_95dd3d-7a wp-block-kadence-advancedheading has-theme-palette-3-color has-text-color\" data-kb-block=\"kb-adv-heading1561_95dd3d-7a\">\u00bfCu\u00e1ndo fue la \u00faltima vez que revisaste tu n\u00f3mina?<\/h1>\n\n\n<style>.wp-block-kadence-advancedheading.kt-adv-heading1561_82474b-6e, .wp-block-kadence-advancedheading.kt-adv-heading1561_82474b-6e[data-kb-block=\"kb-adv-heading1561_82474b-6e\"]{max-width:600px;margin-right:auto;margin-left:auto;text-align:center;font-size:var(--global-kb-font-size-md, 1.25rem);font-style:normal;color:var(--global-palette4, #2D3748);}.wp-block-kadence-advancedheading.kt-adv-heading1561_82474b-6e mark.kt-highlight, .wp-block-kadence-advancedheading.kt-adv-heading1561_82474b-6e[data-kb-block=\"kb-adv-heading1561_82474b-6e\"] mark.kt-highlight{font-style:normal;color:#f76a0c;-webkit-box-decoration-break:clone;box-decoration-break:clone;padding-top:0px;padding-right:0px;padding-bottom:0px;padding-left:0px;}<\/style>\n<p class=\"kt-adv-heading1561_82474b-6e wp-block-kadence-advancedheading has-theme-palette-4-color has-text-color\" data-kb-block=\"kb-adv-heading1561_82474b-6e\"><br>Cada mes te ingresan en el banco una cantidad y se da por supuesto que has revisado tu n\u00f3mina. Si detectas alg\u00fan error, tienes un a\u00f1o para que podamos reclamar.<\/p>\n<\/div><\/div>\n\n<\/div><\/div>\n\n\n<div style=\"height:75px;\"><\/div>\n\n\n\n<figure class=\"wp-block-embed is-type-video is-provider-youtube wp-block-embed-youtube wp-embed-aspect-16-9 wp-has-aspect-ratio\"><div class=\"wp-block-embed__wrapper\">\n<div class=\"ast-oembed-container \" style=\"height: 100%;\"><iframe loading=\"lazy\" title=\"CAMPA\u00d1A REVISI\u00d3N N\u00d3MINAS EDUCACI\u00d3N CONCERTADA 2026 - FEUSO LA RIOJA\" width=\"500\" height=\"281\" src=\"https:\/\/www.youtube.com\/embed\/F9o3uJ8mp7s?feature=oembed\" frameborder=\"0\" allow=\"accelerometer; autoplay; clipboard-write; encrypted-media; gyroscope; picture-in-picture; web-share\" referrerpolicy=\"strict-origin-when-cross-origin\" allowfullscreen><\/iframe><\/div>\n<\/div><\/figure>\n\n\n\n<div style=\"height:75px;\"><\/div>\n\n\n\n<p class=\"has-medium-font-size\"><strong>En las n\u00f3minas de los trabajadores de la concertada tenemos dos conceptos clave:<\/strong><\/p>\n\n\n\n<ol class=\"wp-block-list\">\n<li class=\"has-medium-font-size\"><strong>la fecha de antig\u00fcedad <\/strong>(que determina los trienios que cobramos) y<\/li>\n\n\n\n<li class=\"has-medium-font-size\"><strong>las horas lectivas que impartimos<\/strong> (especificando en qu\u00e9 etapa o etapas trabajamos) o el <strong>porcentaje de jornada<\/strong> trabajada.<\/li>\n<\/ol>\n\n\n\n<p class=\"has-medium-font-size\">Con estos datos, y aplicando las tablas salariales y los complementos auton\u00f3micos, se calcula el \u00abtotal parcial\u00bb que aparece en la n\u00f3mina. Te puedes descargar tu n\u00f3mina en: <a href=\"https:\/\/www.larioja.org\/educarioja-centros\/es\/centros-concertados\/acceso-nominas\">https:\/\/www.larioja.org\/educarioja-centros\/es\/centros-concertados\/acceso-nominas<\/a><\/p>\n\n\n\n<p class=\"has-medium-font-size\">Es cierto que t\u00fa no tienes por qu\u00e9 saber todo esto; para eso estamos los sindicatos.<\/p>\n\n\n\n<div class=\"wp-block-media-text is-stacked-on-mobile\"><figure class=\"wp-block-media-text__media\"><img loading=\"lazy\" decoding=\"async\" width=\"683\" height=\"1024\" src=\"https:\/\/usorioja.es\/feusolarioja\/wp-content\/uploads\/2026\/02\/lupa-683x1024.png\" alt=\"\" class=\"wp-image-1570 size-full\" srcset=\"https:\/\/usorioja.es\/feusolarioja\/wp-content\/uploads\/2026\/02\/lupa-683x1024.png 683w, https:\/\/usorioja.es\/feusolarioja\/wp-content\/uploads\/2026\/02\/lupa-200x300.png 200w, https:\/\/usorioja.es\/feusolarioja\/wp-content\/uploads\/2026\/02\/lupa-768x1152.png 768w, https:\/\/usorioja.es\/feusolarioja\/wp-content\/uploads\/2026\/02\/lupa.png 1024w\" sizes=\"auto, (max-width: 683px) 100vw, 683px\" \/><\/figure><div class=\"wp-block-media-text__content\">\n<p class=\"has-medium-font-size\">USO te ofrece una tabla Excel para que introduzcas tus datos y veas si lo que aparece en tu n\u00f3mina es lo correcto y, si no es as\u00ed, <strong>estamos a tu disposici\u00f3n<\/strong> para ver d\u00f3nde est\u00e1n las diferencias y c\u00f3mo reclamar tu dinero.<\/p>\n\n\n\n<p class=\"has-medium-font-size\">En esta p\u00e1gina te presentamos:<\/p>\n\n\n\n<ul class=\"wp-block-list\">\n<li class=\"has-medium-font-size\">Tutorial explicando c\u00f3mo comprobar tu n\u00f3mina y qu\u00e9 hacer si algo \u201cno cuadra\u201d<\/li>\n\n\n\n<li class=\"has-medium-font-size\">Excel para comprobar tu n\u00f3mina<\/li>\n\n\n\n<li class=\"has-medium-font-size\">Formulario para que, si hay diferencias entre la hoja Excel que te facilitamos y el total parcial de tu n\u00f3mina, te pongas en contacto con nosotros.<\/li>\n<\/ul>\n\n\n\n<p class=\"has-medium-font-size\"><strong>Todo esto es gratuito<\/strong>, porque, con independencia de que est\u00e9s o no est\u00e9s afiliado a USO, <strong>para nosotros t\u00fa y tus derechos sois importantes.<\/strong><\/p>\n\n\n\n<div class=\"wp-block-buttons is-layout-flex wp-block-buttons-is-layout-flex\">\n<div class=\"wp-block-button has-custom-width wp-block-button__width-100\" style=\"width:100%;\">\n    <a class=\"wp-block-button__link wp-element-button\"\n       href=\"https:\/\/youtu.be\/GwTc7mPVeJY\"\n       target=\"_blank\" rel=\"noopener noreferrer\"\n       style=\"display:block;width:100%;background-color:#007DCD;color:#FFFFFF !important;text-align:center;\">\n      Accede al tutorial paso a paso\n    <\/a>\n  <\/div>\n<\/div>\n\n\n\n<p class=\"has-medium-font-size\"><\/p>\n\n\n\n<div class=\"wp-block-buttons is-content-justification-stretch is-layout-flex wp-block-buttons-is-layout-flex\" style=\"width:100%;\">\n  \n\n<div class=\"wp-block-button\" style=\"flex-basis:100%;width:100%;\">\n    <a class=\"wp-block-button__link wp-element-button\"\n       href=\"https:\/\/usorioja.es\/feusolarioja\/documentos\/campanas\/Calculadora_de_nominas_de_USO.xlsx\"\n       style=\"display:block;width:100%;background-color:#007DCD;color:#FFFFFF !important;text-align:center;\"\n       download>\n      Calculadora de n\u00f3minas\n    <\/a>\n  <\/div>\n\n<\/div>\n\n\n\n<p class=\"has-medium-font-size\"><\/p>\n\n\n\n<div class=\"wp-block-buttons is-content-justification-stretch is-layout-flex wp-block-buttons-is-layout-flex\" style=\"width:100%;\">\n  \n\n<div class=\"wp-block-button\" style=\"flex-basis:100%;width:100%;\">\n    <a class=\"wp-block-button__link wp-element-button\"\n       href=\"https:\/\/docs.google.com\/forms\/d\/e\/1FAIpQLSfW1jH_iBDeZyGAaKXQNa8ZG-DNNMNFD5yROsUabcYVkfa8NQ\/viewform?usp=sharing&#038;ouid=101950479582112211961\"\n       target=\"_blank\" rel=\"noopener noreferrer\"\n       style=\"display:block;width:100%;background-color:#007DCD;color:#FFFFFF !important;text-align:center;\">\n      \u00bfTienes dudas? Consulta\n    <\/a>\n  <\/div>\n\n<\/div>\n\n\n\n<p class=\"has-medium-font-size\"><\/p>\n\n\n\n<p class=\"has-medium-font-size\"><br><\/p>\n\n\n\n<p><\/p>\n<\/div><\/div>\n\n\n\n<div class=\"wp-block-media-text has-media-on-the-right is-stacked-on-mobile\"><div class=\"wp-block-media-text__content\">\n<p class=\"has-medium-font-size\"><\/p>\n\n\n\n<p class=\"has-medium-font-size\">En la declaraci\u00f3n de la renta, se deducen \u00edntegramente las cuotas sindicales dentro del apartado \u00abRendimientos del trabajo\u00bb como gasto deducible al 100 %.<\/p>\n\n\n\n<p class=\"has-medium-font-size\">Para que nos entandamos:<strong> <\/strong><\/p>\n\n\n\n<p class=\"has-medium-font-size\"><strong>Afiliarte a USO, a la larga, sirve para defender tus derechos y sale casi gratis.<\/strong><\/p>\n\n\n\n<div class=\"wp-block-buttons is-content-justification-stretch is-layout-flex wp-block-buttons-is-layout-flex\" style=\"width:100%;\">\n  \n\n<div class=\"wp-block-button\" style=\"flex-basis:100%;width:100%;\">\n    <a class=\"wp-block-button__link wp-element-button\"\n       href=\"https:\/\/feusolarioja.es\/formulario-de-afiliacion\/\"\n       target=\"_blank\" rel=\"noreferrer noopener\"\n       style=\"display:block;width:100%;background-color:#007DCD;color:#FFFFFF !important;text-align:center;\">\n       Af\u00edliate\n    <\/a>\n  <\/div>\n\n<\/div>\n<\/div><figure class=\"wp-block-media-text__media\"><img loading=\"lazy\" decoding=\"async\" width=\"1024\" height=\"683\" src=\"https:\/\/usorioja.es\/feusolarioja\/wp-content\/uploads\/2026\/02\/ChatGPT-Image-13-feb-2026-19_13_19-1024x683.png\" alt=\"\" class=\"wp-image-1572 size-full\" srcset=\"https:\/\/usorioja.es\/feusolarioja\/wp-content\/uploads\/2026\/02\/ChatGPT-Image-13-feb-2026-19_13_19-1024x683.png 1024w, https:\/\/usorioja.es\/feusolarioja\/wp-content\/uploads\/2026\/02\/ChatGPT-Image-13-feb-2026-19_13_19-300x200.png 300w, https:\/\/usorioja.es\/feusolarioja\/wp-content\/uploads\/2026\/02\/ChatGPT-Image-13-feb-2026-19_13_19-768x512.png 768w, https:\/\/usorioja.es\/feusolarioja\/wp-content\/uploads\/2026\/02\/ChatGPT-Image-13-feb-2026-19_13_19.png 1536w\" sizes=\"auto, (max-width: 1024px) 100vw, 1024px\" \/><\/figure><\/div>\n\n\n<p><!-- \/wp:post-content --><\/p>\n<p><!-- \/wp:media-text --><\/p>","protected":false},"excerpt":{"rendered":"<p>\u00bfCu\u00e1ndo fue la \u00faltima vez que revisaste tu n\u00f3mina? Cada mes te ingresan en el banco una cantidad y se [&hellip;]<\/p>\n","protected":false},"author":1,"featured_media":0,"parent":0,"menu_order":0,"comment_status":"closed","ping_status":"closed","template":"","meta":{"site-sidebar-layout":"default","site-content-layout":"","ast-site-content-layout":"default","site-content-style":"default","site-sidebar-style":"default","ast-global-header-display":"","ast-banner-title-visibility":"","ast-main-header-display":"","ast-hfb-above-header-display":"","ast-hfb-below-header-display":"","ast-hfb-mobile-header-display":"","site-post-title":"disabled","ast-breadcrumbs-content":"","ast-featured-img":"","footer-sml-layout":"","theme-transparent-header-meta":"","adv-header-id-meta":"","stick-header-meta":"","header-above-stick-meta":"","header-main-stick-meta":"","header-below-stick-meta":"","astra-migrate-meta-layouts":"default","ast-page-background-enabled":"default","ast-page-background-meta":{"desktop":{"background-color":"var(--ast-global-color-5)","background-image":"","background-repeat":"repeat","background-position":"center center","background-size":"auto","background-attachment":"scroll","background-type":"","background-media":"","overlay-type":"","overlay-color":"","overlay-opacity":"","overlay-gradient":""},"tablet":{"background-color":"","background-image":"","background-repeat":"repeat","background-position":"center center","background-size":"auto","background-attachment":"scroll","background-type":"","background-media":"","overlay-type":"","overlay-color":"","overlay-opacity":"","overlay-gradient":""},"mobile":{"background-color":"","background-image":"","background-repeat":"repeat","background-position":"center center","background-size":"auto","background-attachment":"scroll","background-type":"","background-media":"","overlay-type":"","overlay-color":"","overlay-opacity":"","overlay-gradient":""}},"ast-content-background-meta":{"desktop":{"background-color":"var(--ast-global-color-4)","background-image":"","background-repeat":"repeat","background-position":"center center","background-size":"auto","background-attachment":"scroll","background-type":"","background-media":"","overlay-type":"","overlay-color":"","overlay-opacity":"","overlay-gradient":""},"tablet":{"background-color":"var(--ast-global-color-4)","background-image":"","background-repeat":"repeat","background-position":"center center","background-size":"auto","background-attachment":"scroll","background-type":"","background-media":"","overlay-type":"","overlay-color":"","overlay-opacity":"","overlay-gradient":""},"mobile":{"background-color":"var(--ast-global-color-4)","background-image":"","background-repeat":"repeat","background-position":"center center","background-size":"auto","background-attachment":"scroll","background-type":"","background-media":"","overlay-type":"","overlay-color":"","overlay-opacity":"","overlay-gradient":""}},"footnotes":""},"class_list":["post-1561","page","type-page","status-publish","hentry"],"_links":{"self":[{"href":"https:\/\/usorioja.es\/feusolarioja\/wp-json\/wp\/v2\/pages\/1561","targetHints":{"allow":["GET"]}}],"collection":[{"href":"https:\/\/usorioja.es\/feusolarioja\/wp-json\/wp\/v2\/pages"}],"about":[{"href":"https:\/\/usorioja.es\/feusolarioja\/wp-json\/wp\/v2\/types\/page"}],"author":[{"embeddable":true,"href":"https:\/\/usorioja.es\/feusolarioja\/wp-json\/wp\/v2\/users\/1"}],"replies":[{"embeddable":true,"href":"https:\/\/usorioja.es\/feusolarioja\/wp-json\/wp\/v2\/comments?post=1561"}],"version-history":[{"count":50,"href":"https:\/\/usorioja.es\/feusolarioja\/wp-json\/wp\/v2\/pages\/1561\/revisions"}],"predecessor-version":[{"id":1636,"href":"https:\/\/usorioja.es\/feusolarioja\/wp-json\/wp\/v2\/pages\/1561\/revisions\/1636"}],"wp:attachment":[{"href":"https:\/\/usorioja.es\/feusolarioja\/wp-json\/wp\/v2\/media?parent=1561"}],"curies":[{"name":"wp","href":"https:\/\/api.w.org\/{rel}","templated":true}]}}